{"id":369,"date":"2024-12-02T05:06:04","date_gmt":"2024-12-02T04:06:04","guid":{"rendered":"https:\/\/power-brush.org\/?page_id=369"},"modified":"2024-12-02T05:25:37","modified_gmt":"2024-12-02T04:25:37","slug":"synoshi-power-spin-scrubber","status":"publish","type":"page","link":"http:\/\/power-brush.org\/hu\/synoshi-power-spin-scrubber\/","title":{"rendered":"Synoshi Power Spin Scrubber v\u00e9lem\u00e9nyek"},"content":{"rendered":"<p><img loading=\"lazy\" decoding=\"async\" class=\"aligncenter size-full wp-image-125\" src=\"http:\/\/power-brush.org\/wp-content\/uploads\/2024\/12\/Synoshi-power-spin-scrubber.jpg\" alt=\"Synoshi power spin scrubber\" width=\"900\" height=\"506\" srcset=\"http:\/\/power-brush.org\/wp-content\/uploads\/2024\/12\/Synoshi-power-spin-scrubber.jpg 900w, http:\/\/power-brush.org\/wp-content\/uploads\/2024\/12\/Synoshi-power-spin-scrubber-300x169.jpg 300w, http:\/\/power-brush.org\/wp-content\/uploads\/2024\/12\/Synoshi-power-spin-scrubber-768x432.jpg 768w\" sizes=\"auto, (max-width: 900px) 100vw, 900px\" \/> <big>Az otthonunk ragyog\u00f3 tisztas\u00e1g\u00e1nak meg\u0151rz\u00e9se olyan feladat, amelyre mindannyian t\u00f6reksz\u00fcnk, de gyakran \u00fagy t\u0171nik, hogy ez egy neh\u00e9z harc&#8230; L\u00e9pjen be a <strong>Synoshi Power Spin Scrubber<\/strong>, egy forradalmi takar\u00edt\u00f3eszk\u00f6z, amelyet arra terveztek, hogy k\u00f6nnyebb\u00e9, hat\u00e9konyabb\u00e1 \u00e9s igen, m\u00e9g \u00e9lvezetesebb\u00e9 tegye az \u00e9let\u00e9t. Ebben a m\u00e9lyrehat\u00f3 \u00e1ttekint\u00e9sben felt\u00e1rjuk, hogy a Synoshi mi\u00e9rt emelkedik ki a <strong>legjobb forg\u00f3 s\u00farol\u00f3g\u00e9p a piacon<\/strong>.<\/big><\/p>\n<div class=\"su-button-center\"><a href=\"https:\/\/power-brush.org\/go\/synoshi-hu\" class=\"su-button su-button-style-stroked\" style=\"color:#FFFFFF;background-color:#00930a;border-color:#007608;border-radius:9px\" target=\"_blank\" rel=\"nofollow\"><span style=\"color:#FFFFFF;padding:8px 24px;font-size:18px;line-height:27px;border-color:#4db454;border-radius:9px;text-shadow:none\"><i class=\"sui sui-arrow-circle-o-right\" style=\"font-size:18px;color:#FFFFFF\"><\/i> <strong>V\u00e1s\u00e1roljon SYNOSHI<\/strong><br \/>\nBiztos\u00edtson 70% kedvezm\u00e9nyt<\/span><\/a><\/div>\n<p><strong>A Synoshi egy rendk\u00edv\u00fcl sokoldal\u00fa tiszt\u00edt\u00f3berendez\u00e9s, amely mind h\u00e1ztart\u00e1si, mind kereskedelmi c\u00e9lokra alkalmas. K\u00fcl\u00f6nb\u00f6z\u0151 fel\u00fcleteken haszn\u00e1lhat\u00f3, a kem\u00e9ny padl\u00f3t\u00f3l a sz\u0151nyegeken \u00e1t a k\u00e1rpitozott b\u00fatorokig \u00e9s f\u00fcgg\u00f6ny\u00f6kig. A Synoshi a sz\u00e1ll\u00edt\u00e1si terjedelemben tal\u00e1lhat\u00f3 k\u00fcl\u00f6nb\u00f6z\u0151 tartoz\u00e9koknak k\u00f6sz\u00f6nhet\u0151en k\u00f6nnyen testre szabhat\u00f3 az egy\u00e9ni tiszt\u00edt\u00e1si ig\u00e9nyeknek megfelel\u0151en. Ez lehet\u0151v\u00e9 teszi a legk\u00fcl\u00f6nb\u00f6z\u0151bb ter\u00fcletek alapos \u00e9s hat\u00e9kony tiszt\u00edt\u00e1s\u00e1t, bele\u00e9rtve az olyan nehezen hozz\u00e1f\u00e9rhet\u0151 helyeket is, mint a sarkok, illeszt\u00e9sek \u00e9s r\u00e9sek.<\/strong><\/p>\n<p><big><strong>A Synoshi most <a href=\"https:\/\/power-brush.org\/go\/synoshi-hu\" target=\"_blank\" rel=\"nofollow noopener\">egy k\u00fcl\u00f6n\u00f6sen kedvez\u0151 \u00e1ron k\u00f6zvetlen\u00fcl a gy\u00e1rt\u00f3t\u00f3l<\/a> kaphat\u00f3.<\/strong><\/big>.<\/p>\n<p>&nbsp;<\/p>\n<p><a href=\"https:\/\/synoshi.kaufen\/go\/rabatt\" target=\"_blank\" rel=\"nofollow noopener\"><img loading=\"lazy\" decoding=\"async\" class=\"aligncenter size-full wp-image-21\" src=\"https:\/\/synoshi.kaufen\/wp-content\/uploads\/sites\/17\/2023\/09\/synoshi.jpg\" alt=\"synoshi\" width=\"400\" height=\"369\" \/><\/a><br \/>\n<br clear=\"all\" \/><div class=\"sue-section\" data-url=\"\" data-target=\"blank\" style=\"margin:0px 0px 0px 0px;border-top:2px dashed #cccccccc;border-bottom:2px dashed #cccccccc\"><div class=\"sue-section-background\" style=\"background-color:#f7f7f7;background-position:left top;background-size:cover;\"><\/div><div class=\"sue-section-content sue-content-wrap\" style=\"padding:30px 0px 30px 0px;max-width:960px;text-align:left;color:#333333;text-shadow:0 1px 10px #ffffff\">\n<h2>V\u00e1s\u00e1roljon Synoshi-t<\/h2>\n<div class=\"su-list\" style=\"margin-left:0px\">\n<ul>\n<li><i class=\"sui sui-check\" style=\"color:#333\"><\/i> V\u00e1s\u00e1roljon eredeti <strong>Synoshi Power Spin s\u00farol\u00f3g\u00e9p<\/strong> a gy\u00e1rt\u00f3 web\u00e1ruh\u00e1z\u00e1ban.<\/li>\n<li><i class=\"sui sui-check\" style=\"color:#333\"><\/i> <a href=\"https:\/\/power-brush.org\/go\/synoshi-hu\" target=\"_blank\" rel=\"nofollow noopener\"><strong>Most 70% kedvezm\u00e9nnyel kaphat\u00f3.<\/strong><\/a><\/li>\n<li><i class=\"sui sui-check\" style=\"color:#333\"><\/i> Gyors kisz\u00e1ll\u00edt\u00e1s N\u00e9metorsz\u00e1gban, Ausztri\u00e1ban \u00e9s Sv\u00e1jcban<\/li>\n<li><i class=\"sui sui-check\" style=\"color:#333\"><\/i> Fizet\u00e9s sz\u00e1ml\u00e1ra lehets\u00e9ges a Klarna-n kereszt\u00fcl.<\/li>\n<li><i class=\"sui sui-check\" style=\"color:#333\"><\/i> Nagyon j\u00f3 \u00e9rt\u00e9kel\u00e9sek \u00e9s v\u00e9lem\u00e9nyek a v\u00e1s\u00e1rl\u00f3kt\u00f3l \u00e9s szak\u00e9rt\u0151kt\u0151l.<\/li>\n<\/ul>\n<\/div>\n<p>&nbsp;<\/p>\n<div class=\"su-button-center\"><a href=\"https:\/\/power-brush.org\/go\/synoshi-hu\" class=\"su-button su-button-style-stroked\" style=\"color:#FFFFFF;background-color:#00930a;border-color:#007608;border-radius:9px\" target=\"_blank\" rel=\"nofollow\"><span style=\"color:#FFFFFF;padding:8px 24px;font-size:18px;line-height:27px;border-color:#4db454;border-radius:9px;text-shadow:none\"><i class=\"sui sui-arrow-circle-o-right\" style=\"font-size:18px;color:#FFFFFF\"><\/i> <strong>V\u00e1s\u00e1roljon SYNOSHI<\/strong><br \/>\nBiztos\u00edtson 70% kedvezm\u00e9nyt<\/span><\/a><\/div><\/div><\/div>\n<a href=\"https:\/\/power-brush.org\/go\/synoshi-hu\" target=\"_blank\" rel=\"nofollow noopener\"><img loading=\"lazy\" decoding=\"async\" class=\"aligncenter size-full wp-image-7\" src=\"https:\/\/synoshi.kaufen\/wp-content\/uploads\/sites\/17\/2023\/05\/synoshi-kaufen.jpg\" alt=\"buy synoshi\" width=\"670\" height=\"477\" \/><\/a><\/p>\n<h2>Synoshi Power Spin Scrubber v\u00e9lem\u00e9nyek<\/h2>\n<p>A Synoshi egyik legnagyobb el\u0151nye a <strong>kordonmentes kialak\u00edt\u00e1s<\/strong>. Ez azt jelenti, hogy a felhaszn\u00e1l\u00f3knak nem kell ideges\u00edt\u0151 k\u00e1beleket maguk ut\u00e1n vonszolniuk, hanem szabadon \u00e9s akad\u00e1lytalanul mozoghatnak a szob\u00e1ban. Ez k\u00fcl\u00f6n\u00f6sen praktikus, ha a k\u00e9sz\u00fcl\u00e9ket l\u00e9pcs\u0151n, sz\u0171k helyeken vagy \u00e1ramell\u00e1t\u00e1s n\u00e9lk\u00fcli helyeken kell haszn\u00e1lni. A nagy teljes\u00edtm\u00e9ny\u0171 akkumul\u00e1tor hossz\u00fa \u00fczemid\u0151t is biztos\u00edt, \u00edgy m\u00e9g a nagyobb takar\u00edt\u00e1si projektek is megszak\u00edt\u00e1s n\u00e9lk\u00fcl elv\u00e9gezhet\u0151k.<\/p>\n<h3>Teljes\u00edtm\u00e9nyes tiszt\u00edt\u00e1s<\/h3>\n<p>A Synoshi <strong>kiemelked\u0151 tiszt\u00edt\u00e1si teljes\u00edtm\u00e9nyt<\/strong> ny\u00fajt, hat\u00e9konyan elt\u00e1vol\u00edtva m\u00e9g a legmakacsabb szennyez\u0151d\u00e9seket \u00e9s port is. A k\u00e9sz\u00fcl\u00e9k nagy sz\u00edv\u00f3teljes\u00edtm\u00e9nye biztos\u00edtja, hogy a szennyez\u0151d\u00e9sr\u00e9szecsk\u00e9k \u00e9s az allerg\u00e9nek alaposan elt\u00e1vol\u00edt\u00e1sra ker\u00fcljenek a fel\u00fcletekr\u0151l. Ez k\u00fcl\u00f6n\u00f6sen el\u0151ny\u00f6s az allergi\u00e1sok sz\u00e1m\u00e1ra, mivel a Synoshi \u00e1rg\u00e9p seg\u00edt cs\u00f6kkenteni a poratk\u00e1knak, a polleneknek \u00e9s a h\u00e1zi\u00e1llatok sz\u0151r\u00e9nek val\u00f3 kitetts\u00e9get. A k\u00e9sz\u00fcl\u00e9k <strong>innovat\u00edv technol\u00f3gi\u00e1ja<\/strong> m\u00e9g akkor is egyenletesen magas sz\u00edv\u00f3teljes\u00edtm\u00e9nyt tesz lehet\u0151v\u00e9, ha a portart\u00e1ly megtelt.<\/p>\n<h3>K\u00f6rnyezetbar\u00e1t \u00e9s fenntarthat\u00f3<\/h3>\n<p>A Synoshi Power Spin porsz\u00edv\u00f3 m\u00e1sik jelent\u0151s el\u0151nye a <strong>k\u00f6rnyezetbar\u00e1t \u00e9s fenntarthat\u00f3s\u00e1gra<\/strong> val\u00f3 \u00f6sszpontos\u00edt\u00e1sa. A k\u00e9sz\u00fcl\u00e9k \u00fajrafelhaszn\u00e1lhat\u00f3 sz\u0171r\u0151ket \u00e9s mikrosz\u00e1las kend\u0151ket haszn\u00e1l, amelyek k\u00f6nnyen tiszt\u00edthat\u00f3k \u00e9s \u00fajrafelhaszn\u00e1lhat\u00f3k. Ez\u00e1ltal cs\u00f6kken az eldobhat\u00f3 term\u00e9kek fogyaszt\u00e1sa, \u00e9s hozz\u00e1j\u00e1rul a <strong>hullad\u00e9k <strong>cs\u00f6kkent\u00e9s\u00e9hez<\/strong>. A Synoshi emellett olyan energiahat\u00e9kony technol\u00f3gi\u00e1kat haszn\u00e1l, amelyek minimaliz\u00e1lj\u00e1k az energiafogyaszt\u00e1st m\u0171k\u00f6d\u00e9s \u00e9s t\u00f6lt\u00e9s k\u00f6zben. Ez v\u00e9di a k\u00f6rnyezetet \u00e9s seg\u00edt a felhaszn\u00e1l\u00f3knak energiak\u00f6lts\u00e9get megtakar\u00edtani.<\/strong><\/p>\n<h3>Egyszer\u0171 kezel\u00e9s \u00e9s karbantart\u00e1s<\/h3>\n<p>A Synoshi-t \u00fagy tervezt\u00e9k, hogy <strong>egyszer\u0171 legyen a kezel\u00e9se \u00e9s karbantart\u00e1sa<\/strong>.<\/p>\n<p>A k\u00e9sz\u00fcl\u00e9k <strong>ergonomikus foganty\u00faja \u00e9s k\u00f6nny\u0171 kialak\u00edt\u00e1sa<\/strong> lehet\u0151v\u00e9 teszi a k\u00e9nyelmes kezel\u00e9st, m\u00e9g hosszabb haszn\u00e1lat sor\u00e1n is. A kezel\u0151szervek intuit\u00edvak \u00e9s k\u00f6nnyen hozz\u00e1f\u00e9rhet\u0151k, \u00edgy a felhaszn\u00e1l\u00f3k k\u00f6nnyen v\u00e1lthatnak a k\u00fcl\u00f6nb\u00f6z\u0151 funkci\u00f3k \u00e9s be\u00e1ll\u00edt\u00e1sok k\u00f6z\u00f6tt. A k\u00e9sz\u00fcl\u00e9k karbantart\u00e1sa is egyszer\u0171, mivel a portart\u00e1ly k\u00f6nnyen elt\u00e1vol\u00edthat\u00f3 \u00e9s ki\u00fcr\u00edthet\u0151, a sz\u0171r\u0151k \u00e9s a mikrosz\u00e1las kend\u0151k pedig k\u00f6nnyen tiszt\u00edthat\u00f3k.<\/p>\n<h3>Zajcs\u00f6kkent\u00e9s<\/h3>\n<p>A Synoshi <strong>fejlett zajcs\u00f6kkent\u0151 technol\u00f3gi\u00e1val<\/strong> rendelkezik, amely minimaliz\u00e1lja a zajszintet m\u0171k\u00f6d\u00e9s k\u00f6zben. Ez k\u00fcl\u00f6n\u00f6sen k\u00e9nyelmes azoknak, akik \u00e9rz\u00e9kenyek a hangos zajokra, vagy azoknak, akik csendes k\u00f6rnyezetben, p\u00e9ld\u00e1ul irod\u00e1kban, k\u00f6nyvt\u00e1rakban vagy lak\u00f3negyedekben csendes \u00f3r\u00e1kban szeretn\u00e9k haszn\u00e1lni a Sinushi-t. A zajcs\u00f6kkent\u0151 technol\u00f3gia lehet\u0151v\u00e9 teszi a k\u00e9sz\u00fcl\u00e9k haszn\u00e1lat\u00e1t an\u00e9lk\u00fcl, hogy a h\u00e1ztart\u00e1sban vagy a szomsz\u00e9ds\u00e1gban \u00e9l\u0151 t\u00f6bbi embert zavarn\u00e1.<\/p>\n<h2>Sinoshi Power Spin s\u00farol\u00f3g\u00e9p bolt \u00e9s \u00e1r\u00f6sszehasonl\u00edt\u00e1s<\/h2>\n<p><strong>A legjobb Synoshi \u00e1r az \u00e1r\u00f6sszehasonl\u00edt\u00e1sban:<\/strong><\/p>\n<div class=\"su-button-center\"><a href=\"https:\/\/power-brush.org\/go\/synoshi-hu\" class=\"su-button su-button-style-stroked\" style=\"color:#FFFFFF;background-color:#00930a;border-color:#007608;border-radius:9px\" target=\"_blank\" rel=\"nofollow\"><span style=\"color:#FFFFFF;padding:8px 24px;font-size:18px;line-height:27px;border-color:#4db454;border-radius:9px;text-shadow:none\"><i class=\"sui sui-arrow-circle-o-right\" style=\"font-size:18px;color:#FFFFFF\"><\/i> SYNOSHI Power Spin Scrubber megv\u00e1s\u00e1rl\u00e1sa<br \/>\nBiztos\u00edtson 70% kedvezm\u00e9nyt<\/span><\/a><\/div>\n<p>&nbsp;<\/p>\n<p><a href=\"https:\/\/power-brush.org\/go\/synoshi-hu\" target=\"_blank\" rel=\"nofollow noopener\"><img loading=\"lazy\" decoding=\"async\" class=\"aligncenter size-full wp-image-26\" src=\"https:\/\/synoshi.kaufen\/wp-content\/uploads\/sites\/17\/2023\/09\/synoshi-reinigungsbuerste.jpg\" alt=\"Synoshi tiszt\u00edt\u00f3kefe\" width=\"500\" height=\"768\" \/><\/a><\/p>\n","protected":false},"excerpt":{"rendered":"<p>Az otthonunk ragyog\u00f3 tisztas\u00e1g\u00e1nak meg\u0151rz\u00e9se olyan feladat, amelyre mindannyian t\u00f6reksz\u00fcnk, de gyakran \u00fagy t\u0171nik, hogy ez egy neh\u00e9z harc&#8230; L\u00e9pjen be a Synoshi Power Spin Scrubber, egy forradalmi takar\u00edt\u00f3eszk\u00f6z, amelyet arra terveztek, hogy k\u00f6nnyebb\u00e9, hat\u00e9konyabb\u00e1 \u00e9s igen, m\u00e9g \u00e9lvezetesebb\u00e9 tegye az \u00e9let\u00e9t. Ebben a m\u00e9lyrehat\u00f3 \u00e1ttekint\u00e9sben felt\u00e1rjuk, hogy a Synoshi mi\u00e9rt emelkedik ki a legjobb &#8230; <a title=\"Synoshi Power Spin Scrubber v\u00e9lem\u00e9nyek\" class=\"read-more\" href=\"http:\/\/power-brush.org\/hu\/synoshi-power-spin-scrubber\/\" aria-label=\"Read more about Synoshi Power Spin Scrubber v\u00e9lem\u00e9nyek\">Olvass tov\u00e1bb<\/a><\/p>\n","protected":false},"author":1,"featured_media":0,"parent":0,"menu_order":0,"comment_status":"closed","ping_status":"closed","template":"","meta":{"footnotes":""},"class_list":["post-369","page","type-page","status-publish"],"yoast_head":"<!-- This site is optimized with the Yoast SEO plugin v26.0 - https:\/\/yoast.com\/wordpress\/plugins\/seo\/ -->\n<title>Synoshi Power Spin Scrubber \ud83c\udff7\ufe0f 70% kedvezm\u00e9ny<\/title>\n<meta name=\"robots\" content=\"index, follow, max-snippet:-1, max-image-preview:large, max-video-preview:-1\" \/>\n<link rel=\"canonical\" href=\"http:\/\/power-brush.org\/hu\/synoshi-power-spin-scrubber\/\" \/>\n<meta property=\"og:locale\" content=\"hu_HU\" \/>\n<meta property=\"og:type\" content=\"article\" \/>\n<meta property=\"og:title\" content=\"Synoshi Power Spin Scrubber \ud83c\udff7\ufe0f 70% kedvezm\u00e9ny\" \/>\n<meta property=\"og:description\" content=\"Az otthonunk ragyog\u00f3 tisztas\u00e1g\u00e1nak meg\u0151rz\u00e9se olyan feladat, amelyre mindannyian t\u00f6reksz\u00fcnk, de gyakran \u00fagy t\u0171nik, hogy ez egy neh\u00e9z harc&#8230; L\u00e9pjen be a Synoshi Power Spin Scrubber, egy forradalmi takar\u00edt\u00f3eszk\u00f6z, amelyet arra terveztek, hogy k\u00f6nnyebb\u00e9, hat\u00e9konyabb\u00e1 \u00e9s igen, m\u00e9g \u00e9lvezetesebb\u00e9 tegye az \u00e9let\u00e9t. Ebben a m\u00e9lyrehat\u00f3 \u00e1ttekint\u00e9sben felt\u00e1rjuk, hogy a Synoshi mi\u00e9rt emelkedik ki a legjobb ... Olvass tov\u00e1bb\" \/>\n<meta property=\"og:url\" content=\"http:\/\/power-brush.org\/hu\/synoshi-power-spin-scrubber\/\" \/>\n<meta property=\"og:site_name\" content=\"power-brush.org\" \/>\n<meta property=\"article:modified_time\" content=\"2024-12-02T04:25:37+00:00\" \/>\n<meta property=\"og:image\" content=\"http:\/\/power-brush.org\/wp-content\/uploads\/2024\/12\/Synoshi-power-spin-scrubber.jpg\" \/>\n<meta name=\"twitter:card\" content=\"summary_large_image\" \/>\n<meta name=\"twitter:label1\" content=\"Becs\u00fclt olvas\u00e1si id\u0151\" \/>\n\t<meta name=\"twitter:data1\" content=\"4 perc\" \/>\n<script type=\"application\/ld+json\" class=\"yoast-schema-graph\">{\"@context\":\"https:\/\/schema.org\",\"@graph\":[{\"@type\":\"WebPage\",\"@id\":\"http:\/\/power-brush.org\/hu\/synoshi-power-spin-scrubber\/\",\"url\":\"http:\/\/power-brush.org\/hu\/synoshi-power-spin-scrubber\/\",\"name\":\"Synoshi Power Spin Scrubber \ud83c\udff7\ufe0f 70% kedvezm\u00e9ny\",\"isPartOf\":{\"@id\":\"https:\/\/power-brush.org\/hu\/#website\"},\"primaryImageOfPage\":{\"@id\":\"http:\/\/power-brush.org\/hu\/synoshi-power-spin-scrubber\/#primaryimage\"},\"image\":{\"@id\":\"http:\/\/power-brush.org\/hu\/synoshi-power-spin-scrubber\/#primaryimage\"},\"thumbnailUrl\":\"http:\/\/power-brush.org\/wp-content\/uploads\/2024\/12\/Synoshi-power-spin-scrubber.jpg\",\"datePublished\":\"2024-12-02T04:06:04+00:00\",\"dateModified\":\"2024-12-02T04:25:37+00:00\",\"breadcrumb\":{\"@id\":\"http:\/\/power-brush.org\/hu\/synoshi-power-spin-scrubber\/#breadcrumb\"},\"inLanguage\":\"hu\",\"potentialAction\":[{\"@type\":\"ReadAction\",\"target\":[\"http:\/\/power-brush.org\/hu\/synoshi-power-spin-scrubber\/\"]}]},{\"@type\":\"ImageObject\",\"inLanguage\":\"hu\",\"@id\":\"http:\/\/power-brush.org\/hu\/synoshi-power-spin-scrubber\/#primaryimage\",\"url\":\"http:\/\/power-brush.org\/wp-content\/uploads\/2024\/12\/Synoshi-power-spin-scrubber.jpg\",\"contentUrl\":\"http:\/\/power-brush.org\/wp-content\/uploads\/2024\/12\/Synoshi-power-spin-scrubber.jpg\"},{\"@type\":\"BreadcrumbList\",\"@id\":\"http:\/\/power-brush.org\/hu\/synoshi-power-spin-scrubber\/#breadcrumb\",\"itemListElement\":[{\"@type\":\"ListItem\",\"position\":1,\"name\":\"Startseite\",\"item\":\"https:\/\/power-brush.org\/hu\/\"},{\"@type\":\"ListItem\",\"position\":2,\"name\":\"Synoshi Power Spin Scrubber v\u00e9lem\u00e9nyek\"}]},{\"@type\":\"WebSite\",\"@id\":\"https:\/\/power-brush.org\/hu\/#website\",\"url\":\"https:\/\/power-brush.org\/hu\/\",\"name\":\"power-brush.org\",\"description\":\"\",\"publisher\":{\"@id\":\"https:\/\/power-brush.org\/hu\/#organization\"},\"potentialAction\":[{\"@type\":\"SearchAction\",\"target\":{\"@type\":\"EntryPoint\",\"urlTemplate\":\"https:\/\/power-brush.org\/hu\/?s={search_term_string}\"},\"query-input\":{\"@type\":\"PropertyValueSpecification\",\"valueRequired\":true,\"valueName\":\"search_term_string\"}}],\"inLanguage\":\"hu\"},{\"@type\":\"Organization\",\"@id\":\"https:\/\/power-brush.org\/hu\/#organization\",\"name\":\"power-brush.org\",\"url\":\"https:\/\/power-brush.org\/hu\/\",\"logo\":{\"@type\":\"ImageObject\",\"inLanguage\":\"hu\",\"@id\":\"https:\/\/power-brush.org\/hu\/#\/schema\/logo\/image\/\",\"url\":\"http:\/\/power-brush.org\/wp-content\/uploads\/2024\/11\/power-brush-reviews.png\",\"contentUrl\":\"http:\/\/power-brush.org\/wp-content\/uploads\/2024\/11\/power-brush-reviews.png\",\"width\":479,\"height\":100,\"caption\":\"power-brush.org\"},\"image\":{\"@id\":\"https:\/\/power-brush.org\/hu\/#\/schema\/logo\/image\/\"}}]}<\/script>\n<!-- \/ Yoast SEO plugin. -->","yoast_head_json":{"title":"Synoshi Power Spin Scrubber \ud83c\udff7\ufe0f 70% kedvezm\u00e9ny","robots":{"index":"index","follow":"follow","max-snippet":"max-snippet:-1","max-image-preview":"max-image-preview:large","max-video-preview":"max-video-preview:-1"},"canonical":"http:\/\/power-brush.org\/hu\/synoshi-power-spin-scrubber\/","og_locale":"hu_HU","og_type":"article","og_title":"Synoshi Power Spin Scrubber \ud83c\udff7\ufe0f 70% kedvezm\u00e9ny","og_description":"Az otthonunk ragyog\u00f3 tisztas\u00e1g\u00e1nak meg\u0151rz\u00e9se olyan feladat, amelyre mindannyian t\u00f6reksz\u00fcnk, de gyakran \u00fagy t\u0171nik, hogy ez egy neh\u00e9z harc&#8230; L\u00e9pjen be a Synoshi Power Spin Scrubber, egy forradalmi takar\u00edt\u00f3eszk\u00f6z, amelyet arra terveztek, hogy k\u00f6nnyebb\u00e9, hat\u00e9konyabb\u00e1 \u00e9s igen, m\u00e9g \u00e9lvezetesebb\u00e9 tegye az \u00e9let\u00e9t. Ebben a m\u00e9lyrehat\u00f3 \u00e1ttekint\u00e9sben felt\u00e1rjuk, hogy a Synoshi mi\u00e9rt emelkedik ki a legjobb ... Olvass tov\u00e1bb","og_url":"http:\/\/power-brush.org\/hu\/synoshi-power-spin-scrubber\/","og_site_name":"power-brush.org","article_modified_time":"2024-12-02T04:25:37+00:00","og_image":[{"url":"http:\/\/power-brush.org\/wp-content\/uploads\/2024\/12\/Synoshi-power-spin-scrubber.jpg","type":"","width":"","height":""}],"twitter_card":"summary_large_image","twitter_misc":{"Becs\u00fclt olvas\u00e1si id\u0151":"4 perc"},"schema":{"@context":"https:\/\/schema.org","@graph":[{"@type":"WebPage","@id":"http:\/\/power-brush.org\/hu\/synoshi-power-spin-scrubber\/","url":"http:\/\/power-brush.org\/hu\/synoshi-power-spin-scrubber\/","name":"Synoshi Power Spin Scrubber \ud83c\udff7\ufe0f 70% kedvezm\u00e9ny","isPartOf":{"@id":"https:\/\/power-brush.org\/hu\/#website"},"primaryImageOfPage":{"@id":"http:\/\/power-brush.org\/hu\/synoshi-power-spin-scrubber\/#primaryimage"},"image":{"@id":"http:\/\/power-brush.org\/hu\/synoshi-power-spin-scrubber\/#primaryimage"},"thumbnailUrl":"http:\/\/power-brush.org\/wp-content\/uploads\/2024\/12\/Synoshi-power-spin-scrubber.jpg","datePublished":"2024-12-02T04:06:04+00:00","dateModified":"2024-12-02T04:25:37+00:00","breadcrumb":{"@id":"http:\/\/power-brush.org\/hu\/synoshi-power-spin-scrubber\/#breadcrumb"},"inLanguage":"hu","potentialAction":[{"@type":"ReadAction","target":["http:\/\/power-brush.org\/hu\/synoshi-power-spin-scrubber\/"]}]},{"@type":"ImageObject","inLanguage":"hu","@id":"http:\/\/power-brush.org\/hu\/synoshi-power-spin-scrubber\/#primaryimage","url":"http:\/\/power-brush.org\/wp-content\/uploads\/2024\/12\/Synoshi-power-spin-scrubber.jpg","contentUrl":"http:\/\/power-brush.org\/wp-content\/uploads\/2024\/12\/Synoshi-power-spin-scrubber.jpg"},{"@type":"BreadcrumbList","@id":"http:\/\/power-brush.org\/hu\/synoshi-power-spin-scrubber\/#breadcrumb","itemListElement":[{"@type":"ListItem","position":1,"name":"Startseite","item":"https:\/\/power-brush.org\/hu\/"},{"@type":"ListItem","position":2,"name":"Synoshi Power Spin Scrubber v\u00e9lem\u00e9nyek"}]},{"@type":"WebSite","@id":"https:\/\/power-brush.org\/hu\/#website","url":"https:\/\/power-brush.org\/hu\/","name":"power-brush.org","description":"","publisher":{"@id":"https:\/\/power-brush.org\/hu\/#organization"},"potentialAction":[{"@type":"SearchAction","target":{"@type":"EntryPoint","urlTemplate":"https:\/\/power-brush.org\/hu\/?s={search_term_string}"},"query-input":{"@type":"PropertyValueSpecification","valueRequired":true,"valueName":"search_term_string"}}],"inLanguage":"hu"},{"@type":"Organization","@id":"https:\/\/power-brush.org\/hu\/#organization","name":"power-brush.org","url":"https:\/\/power-brush.org\/hu\/","logo":{"@type":"ImageObject","inLanguage":"hu","@id":"https:\/\/power-brush.org\/hu\/#\/schema\/logo\/image\/","url":"http:\/\/power-brush.org\/wp-content\/uploads\/2024\/11\/power-brush-reviews.png","contentUrl":"http:\/\/power-brush.org\/wp-content\/uploads\/2024\/11\/power-brush-reviews.png","width":479,"height":100,"caption":"power-brush.org"},"image":{"@id":"https:\/\/power-brush.org\/hu\/#\/schema\/logo\/image\/"}}]}},"_links":{"self":[{"href":"http:\/\/power-brush.org\/hu\/wp-json\/wp\/v2\/pages\/369","targetHints":{"allow":["GET"]}}],"collection":[{"href":"http:\/\/power-brush.org\/hu\/wp-json\/wp\/v2\/pages"}],"about":[{"href":"http:\/\/power-brush.org\/hu\/wp-json\/wp\/v2\/types\/page"}],"author":[{"embeddable":true,"href":"http:\/\/power-brush.org\/hu\/wp-json\/wp\/v2\/users\/1"}],"replies":[{"embeddable":true,"href":"http:\/\/power-brush.org\/hu\/wp-json\/wp\/v2\/comments?post=369"}],"version-history":[{"count":6,"href":"http:\/\/power-brush.org\/hu\/wp-json\/wp\/v2\/pages\/369\/revisions"}],"predecessor-version":[{"id":386,"href":"http:\/\/power-brush.org\/hu\/wp-json\/wp\/v2\/pages\/369\/revisions\/386"}],"wp:attachment":[{"href":"http:\/\/power-brush.org\/hu\/wp-json\/wp\/v2\/media?parent=369"}],"curies":[{"name":"wp","href":"https:\/\/api.w.org\/{rel}","templated":true}]}}