{"id":394,"date":"2024-12-02T06:25:45","date_gmt":"2024-12-02T05:25:45","guid":{"rendered":"https:\/\/power-brush.org\/?page_id=394"},"modified":"2024-12-02T06:26:33","modified_gmt":"2024-12-02T05:26:33","slug":"synoshi-power-spin-scrubber","status":"publish","type":"page","link":"http:\/\/power-brush.org\/fi\/synoshi-power-spin-scrubber\/","title":{"rendered":"Osta Synoshi Power Spin Scrubber parhaaseen hintaan Suomessa"},"content":{"rendered":"<p><big><strong>Uutta SYNOSHI-rotaatiopuhdistusharjaa voi nyt tilata suoraan valmistajalta suurella alennuksella. Hinnanalennus on voimassa vain lyhyen aikaa<\/strong><\/big>.<\/p>\n<p><img loading=\"lazy\" decoding=\"async\" class=\"aligncenter size-full wp-image-19\" src=\"https:\/\/synoshi.kaufen\/wp-content\/uploads\/sites\/17\/2023\/09\/synoshi.jpg\" alt=\"synoshi\" width=\"400\" height=\"369\" \/><br \/>\n<br clear=\"all\" \/><div class=\"sue-section\" data-url=\"\" data-target=\"blank\" style=\"margin:0px 0px 0px 0px;border-top:2px dashed #cccc;border-bottom:2px dashed #cccc\"><div class=\"sue-section-background\" style=\"background-color:#f7f7f7;background-position:left top;background-size:cover;\"><\/div><div class=\"sue-section-content sue-content-wrap\" style=\"padding:30px 0px 30px 0px;max-width:960px;text-align:left;color:#333333;text-shadow:0 1px 10px #ffffff\">\n<h2>Osta Synoshi<\/h2>\n<div class=\"su-list\" style=\"margin-left:0px\">\n<ul>\n<li><i class=\"sui sui-check\" style=\"color:#333\"><\/i> Osta alkuper\u00e4inen <strong>SYNOSHI<\/strong> valmistajan virallisesta verkkokaupasta.<\/li>\n<li><i class=\"sui sui-check\" style=\"color:#333\"><\/i> <a href=\"https:\/\/power-brush.org\/go\/synoshi-fi\" target=\"_blank\" rel=\"nofollow noopener\"><strong>Lyhyen aikaa saatavilla 70 % alennuksella.<\/strong><\/a><\/li>\n<li><i class=\"sui sui-check\" style=\"color:#333\"><\/i> Pikatoimitus Saksassa, It\u00e4vallassa ja Sveitsiss\u00e4.<\/li>\n<li><i class=\"sui sui-check\" style=\"color:#333\"><\/i> Maksaminen tilille Klarnan kautta mahdollista.<\/li>\n<\/ul>\n<\/div>\n<p>&nbsp;<\/p>\n<div class=\"su-button-center\"><a href=\"https:\/\/power-brush.org\/go\/synoshi-fi\" class=\"su-button su-button-style-stroked\" style=\"color:#FFFFFF;background-color:#00930a;border-color:#007608;border-radius:9px\" target=\"_blank\" rel=\"nofollow\"><span style=\"color:#FFFFFF;padding:8px 24px;font-size:18px;line-height:27px;border-color:#4db454;border-radius:9px;text-shadow:none\"><i class=\"sui sui-arrow-circle-o-right\" style=\"font-size:18px;color:#FFFFFF\"><\/i> Osta SYNOSHI Puhdistusharja.<br \/>\nVarmista suuri alennus<\/span><\/a><\/div><\/div><\/div>\n<p>&nbsp;<\/p>\n<h2>Synoshi arvostelu ja kokemuksia<\/h2>\n<div class=\"su-list\" style=\"margin-left:0px\">\n<ul>\n<li><i class=\"sui sui-arrow-circle-right\" style=\"color:#333\"><\/i> <strong>Tehokkuus<\/strong>: Py\u00f6riv\u00e4t harjakset irrottavat ja poistavat perinteisi\u00e4 harjaksia paremmin pinttyneen lian ja tahrat, mik\u00e4 mahdollistaa nopeamman ja perusteellisemman puhdistuksen.<\/li>\n<li><i class=\"sui sui-arrow-circle-right\" style=\"color:#333\"><\/i> <strong>Ajan s\u00e4\u00e4st\u00f6<\/strong>: Koska py\u00f6riv\u00e4 harjanp\u00e4\u00e4 puhdistaa nopeasti ja tehokkaasti, voit s\u00e4\u00e4st\u00e4\u00e4 aikaa ja vaivaa erityisesti suurilla alueilla.<\/li>\n<li><i class=\"sui sui-arrow-circle-right\" style=\"color:#333\"><\/i> <strong>Tasaisuus<\/strong>: Koska harjat py\u00f6riv\u00e4t, puhdistus tapahtuu tasaisesti ja johdonmukaisesti, eiv\u00e4tk\u00e4 tietyt alueet j\u00e4\u00e4 huomaamatta.<\/li>\n<li><i class=\"sui sui-arrow-circle-right\" style=\"color:#333\"><\/i> <strong>Leppoisuutta<\/strong>: Manuaalisiin puhdistusmenetelmiin verrattuna synoshi voi olla hell\u00e4varaisempi, koska se ei kohdista puhdistettavaan pintaan niin paljon painetta, jolloin v\u00e4ltet\u00e4\u00e4n vaurioita.<\/li>\n<li><i class=\"sui sui-arrow-circle-right\" style=\"color:#333\"><\/i> <strong>monipuolisuus<\/strong>: Synoshin py\u00f6riv\u00e4 puhdistusharja soveltuu monenlaisiin puhdistustarpeisiin, kuten mattoihin, laattoihin, lattioihin, kylpyammeisiin ja lavuaareihin.<\/li>\n<li><i class=\"sui sui-arrow-circle-right\" style=\"color:#333\"><\/i> <strong>Ergonomia<\/strong>: Synoshissa on ergonominen kahva, joka mahdollistaa miellytt\u00e4v\u00e4mm\u00e4n puhdistuksen ja v\u00e4hent\u00e4\u00e4 k\u00e4sien, k\u00e4sivarsien ja hartioiden rasitusta.<\/li>\n<li><i class=\"sui sui-arrow-circle-right\" style=\"color:#333\"><\/i> <strong>Puhdistusaineet<\/strong>: Py\u00f6rivi\u00e4 puhdistusharjoja voidaan k\u00e4ytt\u00e4\u00e4 my\u00f6s yhdess\u00e4 puhdistusaineiden kanssa, jolloin puhdistusteho paranee ja sitke\u00e4t tahrat tai lika poistuvat tehokkaammin.<\/li>\n<li><i class=\"sui sui-arrow-circle-right\" style=\"color:#333\"><\/i> <strong>Hygienia<\/strong>: Synoshi voi auttaa yll\u00e4pit\u00e4m\u00e4\u00e4n parempaa hygieniaa poistamalla likaa ja bakteereita tehokkaammin ja helpottamalla alueiden, kuten vessojen, keitti\u00f6iden, kylpyhuoneiden ja muiden yhteisten tilojen puhdistamista.<\/li>\n<li><i class=\"sui sui-arrow-circle-right\" style=\"color:#333\"><\/i> <strong>Kustannuss\u00e4\u00e4st\u00f6t<\/strong>: Koska py\u00f6riv\u00e4t siivousharjat ovat kest\u00e4vi\u00e4 ja vankkoja, ne voivat tarjota kustannuss\u00e4\u00e4st\u00f6j\u00e4 ajan mittaan verrattuna tavallisten vaihtoharjojen tai siivousv\u00e4lineiden ostamiseen.<\/li>\n<\/ul>\n<\/div>\n<p><a href=\"https:\/\/power-brush.org\/go\/synoshi-fi\" target=\"_blank\" rel=\"nofollow noopener\"><img loading=\"lazy\" decoding=\"async\" class=\"aligncenter size-full wp-image-25\" src=\"https:\/\/synoshi.kaufen\/wp-content\/uploads\/sites\/17\/2023\/09\/synoshi-reinigungsbuerste.jpg\" alt=\"synoshi puhdistusharja\" width=\"500\" height=\"768\" \/><\/a><br \/>\n<br clear=\"all\" \/><div class=\"sue-section\" data-url=\"\" data-target=\"blank\" style=\"margin:0px 0px 0px 0px;border-top:0px dashed #cccc;border-bottom:0px dashed #cccc\"><div class=\"sue-section-background\" style=\"background-color:#f7f7f7;background-position:left top;background-size:cover;\"><\/div><div class=\"sue-section-content sue-content-wrap\" style=\"padding:30px 0px 30px 0px;max-width:960px;text-align:left;color:#333333;text-shadow:0px 1px 10px #ffffffff\">\n<h2>Synoshin suosittelut ja arvostelut foorumilta<\/h2>\n<div class=\"su-list\" style=\"margin-left:0px\">\n<ul>\n<li><i class=\"sui sui-user\" style=\"color:#333\"><\/i> &#8221;K\u00e4ytin Synoshi-puhdistusharjaa mattoni puhdistamiseen ja olen t\u00e4ysin tyytyv\u00e4inen tuloksiin. Py\u00f6riv\u00e4t harjakset poistivat lian ja tahrat perusteellisesti ja saivat mattoni n\u00e4ytt\u00e4m\u00e4\u00e4n kuin uudelta. Se oli my\u00f6s eritt\u00e4in helppok\u00e4ytt\u00f6inen ja s\u00e4\u00e4sti minulta paljon aikaa!&#8221;<\/li>\n<li><i class=\"sui sui-user\" style=\"color:#333\"><\/i> &#8221;Synoshi-harja on erinomainen puhdistusratkaisu, joka on eritt\u00e4in tehokas ja s\u00e4\u00e4st\u00e4\u00e4 aikaa. Py\u00f6riv\u00e4t harjakset poistavat erityisen tehokkaasti pinttyneen lian ja tahrat, ja ergonomiset kahvat tekev\u00e4t k\u00e4yt\u00f6st\u00e4 helppoa ja v\u00e4hent\u00e4v\u00e4t k\u00e4sien ja k\u00e4sivarsien rasitusta. Harja on monipuolinen ja sopii monenlaisille pinnoille ja k\u00e4ytt\u00f6kohteille. Kaiken kaikkiaan Synoshi-harja on suositeltava puhdistusratkaisu, joka tekee siivoamisesta helpompaa ja parempaa.&#8221;<\/li>\n<li><i class=\"sui sui-user\" style=\"color:#333\"><\/i> &#8221;Synoshi-harja tarjoaa vaikuttavan puhdistustehon ja poistaa erityisen tehokkaasti pinttyneen lian ja tahrat. Py\u00f6riv\u00e4t harjakset ovat eritt\u00e4in tehokkaat ja toimivat nopeasti, mik\u00e4 s\u00e4\u00e4st\u00e4\u00e4 aikaa ja vaivaa.&#8221;<\/li>\n<li><i class=\"sui sui-user\" style=\"color:#333\"><\/i> &#8221;K\u00e4ytin Synoshi-puhdistusharjaa kylpyhuoneeni laattojen puhdistamiseen ja olin h\u00e4mm\u00e4stynyt siit\u00e4, kuinka nopeasti ja helposti lika ja homeen poistaminen onnistui. Py\u00f6riv\u00e4t harjakset tekiv\u00e4t puhdistuksesta paljon nopeampaa ja tehokkaampaa kuin vanha harja, ja olen eritt\u00e4in tyytyv\u00e4inen tuloksiin!&#8221;<\/li>\n<li><i class=\"sui sui-user\" style=\"color:#333\"><\/i> &#8221;Olen k\u00e4ytt\u00e4nyt Synoshi-harjaa keitti\u00f6n ty\u00f6tasoni puhdistamiseen ja olen eritt\u00e4in tyytyv\u00e4inen t\u00e4m\u00e4n harjan tehokkuuteen ja helppouteen. Se s\u00e4\u00e4sti paljon aikaa ja vaivaa, ja k\u00e4yt\u00e4n sit\u00e4 varmasti tulevissa puhdistust\u00f6iss\u00e4.&#8221;<\/li>\n<li><i class=\"sui sui-user\" style=\"color:#333\"><\/i> &#8221;K\u00e4ytin Synoshi-harjaa auton istuimieni puhdistamiseen ja olen todella vaikuttunut siit\u00e4 perusteellisuudesta ja nopeudesta, jolla se poisti lian. Se oli my\u00f6s eritt\u00e4in helppok\u00e4ytt\u00f6inen ja v\u00e4sytti minua v\u00e4hemm\u00e4n kuin vanhat puhdistusmenetelm\u00e4ni. Suosittelen sit\u00e4 ehdottomasti kaikille auton omistajille!&#8221;<\/li>\n<li><i class=\"sui sui-user\" style=\"color:#333\"><\/i> &#8221;Synoshi-harja on monipuolinen puhdistusratkaisu, joka soveltuu monenlaisille pinnoille ja k\u00e4ytt\u00f6kohteille, kuten matoille, laatoille, lattioille, keitti\u00f6ihin ja kylpyhuoneisiin. Harjaa on my\u00f6s helppo k\u00e4sitell\u00e4 ja se mahdollistaa tarkan puhdistuksen.&#8221;<\/li>\n<li><i class=\"sui sui-user\" style=\"color:#333\"><\/i> &#8221;Olen k\u00e4ytt\u00e4nyt tuotetta lemmikkini h\u00e4kin puhdistamiseen ja olen eritt\u00e4in tyytyv\u00e4inen tuloksiin. Se on poistanut lian ja hajun perusteellisesti ja helpottanut huomattavasti h\u00e4kin pit\u00e4mist\u00e4 puhtaana. Py\u00f6riv\u00e4t harjakset ovat todella vaikuttaneet asiaan ja suosittelen Synoshi-harjaa kaikille, joilla on lemmikki!&#8221;<\/li>\n<li><i class=\"sui sui-user\" style=\"color:#333\"><\/i> &#8221;Synoshi ei ole vain tehokas vaan my\u00f6s kest\u00e4v\u00e4 ja vankka. Harjanp\u00e4\u00e4t voidaan vaihtaa helposti, ja niit\u00e4 on erikokoisia ja -muotoisia optimaalisen puhdistustehon saavuttamiseksi. Kaiken kaikkiaan Synoshi-harja on investointi, joka maksaa itsens\u00e4 takaisin pitk\u00e4ll\u00e4 aikav\u00e4lill\u00e4 ja tarjoaa tehokkaan ja helpon puhdistusratkaisun.&#8221;<\/li>\n<\/ul>\n<\/div><\/div><\/div>\n<h2>Osta Synoshi-puhdistusharja parhaaseen hintaan<\/h2>\n<div class=\"su-button-center\"><a href=\"https:\/\/power-brush.org\/go\/synoshi-fi\" class=\"su-button su-button-style-stroked\" style=\"color:#FFFFFF;background-color:#00930a;border-color:#007608;border-radius:9px\" target=\"_blank\" rel=\"nofollow\"><span style=\"color:#FFFFFF;padding:8px 24px;font-size:18px;line-height:27px;border-color:#4db454;border-radius:9px;text-shadow:none\"><i class=\"sui sui-arrow-circle-o-right\" style=\"font-size:18px;color:#FFFFFF\"><\/i> Osta SYNOSHI-puhdistusharjaa.<br \/>\nVarmista suuri alennus<\/span><\/a><\/div>\n","protected":false},"excerpt":{"rendered":"<p>Uutta SYNOSHI-rotaatiopuhdistusharjaa voi nyt tilata suoraan valmistajalta suurella alennuksella. Hinnanalennus on voimassa vain lyhyen aikaa. &nbsp; Synoshi arvostelu ja kokemuksia Osta Synoshi-puhdistusharja parhaaseen hintaan<\/p>\n","protected":false},"author":1,"featured_media":0,"parent":0,"menu_order":0,"comment_status":"closed","ping_status":"closed","template":"","meta":{"footnotes":""},"class_list":["post-394","page","type-page","status-publish"],"yoast_head":"<!-- This site is optimized with the Yoast SEO plugin v26.0 - https:\/\/yoast.com\/wordpress\/plugins\/seo\/ -->\n<title>Synoshi Power Spin Scrubber \ud83c\udff7\ufe0f 70% alennus - Suomi<\/title>\n<meta name=\"robots\" content=\"index, follow, max-snippet:-1, max-image-preview:large, max-video-preview:-1\" \/>\n<link rel=\"canonical\" href=\"http:\/\/power-brush.org\/fi\/synoshi-power-spin-scrubber\/\" \/>\n<meta property=\"og:locale\" content=\"fi_FI\" \/>\n<meta property=\"og:type\" content=\"article\" \/>\n<meta property=\"og:title\" content=\"Synoshi Power Spin Scrubber \ud83c\udff7\ufe0f 70% alennus - Suomi\" \/>\n<meta property=\"og:description\" content=\"Uutta SYNOSHI-rotaatiopuhdistusharjaa voi nyt tilata suoraan valmistajalta suurella alennuksella. Hinnanalennus on voimassa vain lyhyen aikaa. &nbsp; Synoshi arvostelu ja kokemuksia Osta Synoshi-puhdistusharja parhaaseen hintaan\" \/>\n<meta property=\"og:url\" content=\"http:\/\/power-brush.org\/fi\/synoshi-power-spin-scrubber\/\" \/>\n<meta property=\"og:site_name\" content=\"power-brush.org\" \/>\n<meta property=\"article:modified_time\" content=\"2024-12-02T05:26:33+00:00\" \/>\n<meta property=\"og:image\" content=\"https:\/\/synoshi.kaufen\/wp-content\/uploads\/sites\/17\/2023\/09\/synoshi.jpg\" \/>\n<meta name=\"twitter:card\" content=\"summary_large_image\" \/>\n<meta name=\"twitter:label1\" content=\"Arvioitu lukuaika\" \/>\n\t<meta name=\"twitter:data1\" content=\"3 minuuttia\" \/>\n<script type=\"application\/ld+json\" class=\"yoast-schema-graph\">{\"@context\":\"https:\/\/schema.org\",\"@graph\":[{\"@type\":\"WebPage\",\"@id\":\"http:\/\/power-brush.org\/fi\/synoshi-power-spin-scrubber\/\",\"url\":\"http:\/\/power-brush.org\/fi\/synoshi-power-spin-scrubber\/\",\"name\":\"Synoshi Power Spin Scrubber \ud83c\udff7\ufe0f 70% alennus - Suomi\",\"isPartOf\":{\"@id\":\"https:\/\/power-brush.org\/fi\/#website\"},\"primaryImageOfPage\":{\"@id\":\"http:\/\/power-brush.org\/fi\/synoshi-power-spin-scrubber\/#primaryimage\"},\"image\":{\"@id\":\"http:\/\/power-brush.org\/fi\/synoshi-power-spin-scrubber\/#primaryimage\"},\"thumbnailUrl\":\"https:\/\/synoshi.kaufen\/wp-content\/uploads\/sites\/17\/2023\/09\/synoshi.jpg\",\"datePublished\":\"2024-12-02T05:25:45+00:00\",\"dateModified\":\"2024-12-02T05:26:33+00:00\",\"breadcrumb\":{\"@id\":\"http:\/\/power-brush.org\/fi\/synoshi-power-spin-scrubber\/#breadcrumb\"},\"inLanguage\":\"fi\",\"potentialAction\":[{\"@type\":\"ReadAction\",\"target\":[\"http:\/\/power-brush.org\/fi\/synoshi-power-spin-scrubber\/\"]}]},{\"@type\":\"ImageObject\",\"inLanguage\":\"fi\",\"@id\":\"http:\/\/power-brush.org\/fi\/synoshi-power-spin-scrubber\/#primaryimage\",\"url\":\"https:\/\/synoshi.kaufen\/wp-content\/uploads\/sites\/17\/2023\/09\/synoshi.jpg\",\"contentUrl\":\"https:\/\/synoshi.kaufen\/wp-content\/uploads\/sites\/17\/2023\/09\/synoshi.jpg\"},{\"@type\":\"BreadcrumbList\",\"@id\":\"http:\/\/power-brush.org\/fi\/synoshi-power-spin-scrubber\/#breadcrumb\",\"itemListElement\":[{\"@type\":\"ListItem\",\"position\":1,\"name\":\"Startseite\",\"item\":\"https:\/\/power-brush.org\/fi\/\"},{\"@type\":\"ListItem\",\"position\":2,\"name\":\"Osta Synoshi Power Spin Scrubber parhaaseen hintaan Suomessa\"}]},{\"@type\":\"WebSite\",\"@id\":\"https:\/\/power-brush.org\/fi\/#website\",\"url\":\"https:\/\/power-brush.org\/fi\/\",\"name\":\"power-brush.org\",\"description\":\"\",\"publisher\":{\"@id\":\"https:\/\/power-brush.org\/fi\/#organization\"},\"potentialAction\":[{\"@type\":\"SearchAction\",\"target\":{\"@type\":\"EntryPoint\",\"urlTemplate\":\"https:\/\/power-brush.org\/fi\/?s={search_term_string}\"},\"query-input\":{\"@type\":\"PropertyValueSpecification\",\"valueRequired\":true,\"valueName\":\"search_term_string\"}}],\"inLanguage\":\"fi\"},{\"@type\":\"Organization\",\"@id\":\"https:\/\/power-brush.org\/fi\/#organization\",\"name\":\"power-brush.org\",\"url\":\"https:\/\/power-brush.org\/fi\/\",\"logo\":{\"@type\":\"ImageObject\",\"inLanguage\":\"fi\",\"@id\":\"https:\/\/power-brush.org\/fi\/#\/schema\/logo\/image\/\",\"url\":\"http:\/\/power-brush.org\/wp-content\/uploads\/2024\/11\/power-brush-reviews.png\",\"contentUrl\":\"http:\/\/power-brush.org\/wp-content\/uploads\/2024\/11\/power-brush-reviews.png\",\"width\":479,\"height\":100,\"caption\":\"power-brush.org\"},\"image\":{\"@id\":\"https:\/\/power-brush.org\/fi\/#\/schema\/logo\/image\/\"}}]}<\/script>\n<!-- \/ Yoast SEO plugin. -->","yoast_head_json":{"title":"Synoshi Power Spin Scrubber \ud83c\udff7\ufe0f 70% alennus - Suomi","robots":{"index":"index","follow":"follow","max-snippet":"max-snippet:-1","max-image-preview":"max-image-preview:large","max-video-preview":"max-video-preview:-1"},"canonical":"http:\/\/power-brush.org\/fi\/synoshi-power-spin-scrubber\/","og_locale":"fi_FI","og_type":"article","og_title":"Synoshi Power Spin Scrubber \ud83c\udff7\ufe0f 70% alennus - Suomi","og_description":"Uutta SYNOSHI-rotaatiopuhdistusharjaa voi nyt tilata suoraan valmistajalta suurella alennuksella. Hinnanalennus on voimassa vain lyhyen aikaa. &nbsp; Synoshi arvostelu ja kokemuksia Osta Synoshi-puhdistusharja parhaaseen hintaan","og_url":"http:\/\/power-brush.org\/fi\/synoshi-power-spin-scrubber\/","og_site_name":"power-brush.org","article_modified_time":"2024-12-02T05:26:33+00:00","og_image":[{"url":"https:\/\/synoshi.kaufen\/wp-content\/uploads\/sites\/17\/2023\/09\/synoshi.jpg","type":"","width":"","height":""}],"twitter_card":"summary_large_image","twitter_misc":{"Arvioitu lukuaika":"3 minuuttia"},"schema":{"@context":"https:\/\/schema.org","@graph":[{"@type":"WebPage","@id":"http:\/\/power-brush.org\/fi\/synoshi-power-spin-scrubber\/","url":"http:\/\/power-brush.org\/fi\/synoshi-power-spin-scrubber\/","name":"Synoshi Power Spin Scrubber \ud83c\udff7\ufe0f 70% alennus - Suomi","isPartOf":{"@id":"https:\/\/power-brush.org\/fi\/#website"},"primaryImageOfPage":{"@id":"http:\/\/power-brush.org\/fi\/synoshi-power-spin-scrubber\/#primaryimage"},"image":{"@id":"http:\/\/power-brush.org\/fi\/synoshi-power-spin-scrubber\/#primaryimage"},"thumbnailUrl":"https:\/\/synoshi.kaufen\/wp-content\/uploads\/sites\/17\/2023\/09\/synoshi.jpg","datePublished":"2024-12-02T05:25:45+00:00","dateModified":"2024-12-02T05:26:33+00:00","breadcrumb":{"@id":"http:\/\/power-brush.org\/fi\/synoshi-power-spin-scrubber\/#breadcrumb"},"inLanguage":"fi","potentialAction":[{"@type":"ReadAction","target":["http:\/\/power-brush.org\/fi\/synoshi-power-spin-scrubber\/"]}]},{"@type":"ImageObject","inLanguage":"fi","@id":"http:\/\/power-brush.org\/fi\/synoshi-power-spin-scrubber\/#primaryimage","url":"https:\/\/synoshi.kaufen\/wp-content\/uploads\/sites\/17\/2023\/09\/synoshi.jpg","contentUrl":"https:\/\/synoshi.kaufen\/wp-content\/uploads\/sites\/17\/2023\/09\/synoshi.jpg"},{"@type":"BreadcrumbList","@id":"http:\/\/power-brush.org\/fi\/synoshi-power-spin-scrubber\/#breadcrumb","itemListElement":[{"@type":"ListItem","position":1,"name":"Startseite","item":"https:\/\/power-brush.org\/fi\/"},{"@type":"ListItem","position":2,"name":"Osta Synoshi Power Spin Scrubber parhaaseen hintaan Suomessa"}]},{"@type":"WebSite","@id":"https:\/\/power-brush.org\/fi\/#website","url":"https:\/\/power-brush.org\/fi\/","name":"power-brush.org","description":"","publisher":{"@id":"https:\/\/power-brush.org\/fi\/#organization"},"potentialAction":[{"@type":"SearchAction","target":{"@type":"EntryPoint","urlTemplate":"https:\/\/power-brush.org\/fi\/?s={search_term_string}"},"query-input":{"@type":"PropertyValueSpecification","valueRequired":true,"valueName":"search_term_string"}}],"inLanguage":"fi"},{"@type":"Organization","@id":"https:\/\/power-brush.org\/fi\/#organization","name":"power-brush.org","url":"https:\/\/power-brush.org\/fi\/","logo":{"@type":"ImageObject","inLanguage":"fi","@id":"https:\/\/power-brush.org\/fi\/#\/schema\/logo\/image\/","url":"http:\/\/power-brush.org\/wp-content\/uploads\/2024\/11\/power-brush-reviews.png","contentUrl":"http:\/\/power-brush.org\/wp-content\/uploads\/2024\/11\/power-brush-reviews.png","width":479,"height":100,"caption":"power-brush.org"},"image":{"@id":"https:\/\/power-brush.org\/fi\/#\/schema\/logo\/image\/"}}]}},"_links":{"self":[{"href":"http:\/\/power-brush.org\/fi\/wp-json\/wp\/v2\/pages\/394","targetHints":{"allow":["GET"]}}],"collection":[{"href":"http:\/\/power-brush.org\/fi\/wp-json\/wp\/v2\/pages"}],"about":[{"href":"http:\/\/power-brush.org\/fi\/wp-json\/wp\/v2\/types\/page"}],"author":[{"embeddable":true,"href":"http:\/\/power-brush.org\/fi\/wp-json\/wp\/v2\/users\/1"}],"replies":[{"embeddable":true,"href":"http:\/\/power-brush.org\/fi\/wp-json\/wp\/v2\/comments?post=394"}],"version-history":[{"count":2,"href":"http:\/\/power-brush.org\/fi\/wp-json\/wp\/v2\/pages\/394\/revisions"}],"predecessor-version":[{"id":402,"href":"http:\/\/power-brush.org\/fi\/wp-json\/wp\/v2\/pages\/394\/revisions\/402"}],"wp:attachment":[{"href":"http:\/\/power-brush.org\/fi\/wp-json\/wp\/v2\/media?parent=394"}],"curies":[{"name":"wp","href":"https:\/\/api.w.org\/{rel}","templated":true}]}}